{"id":1432,"date":"2026-01-26T12:42:00","date_gmt":"2026-01-26T11:42:00","guid":{"rendered":"https:\/\/www.pasfotomaken-amsterdam.nl\/?page_id=1432"},"modified":"2026-01-30T15:32:09","modified_gmt":"2026-01-30T14:32:09","slug":"pasfoto-eisen-mongolie","status":"publish","type":"page","link":"https:\/\/www.pasfotomaken-amsterdam.nl\/en\/pasfoto-eisen-mongolie\/","title":{"rendered":"Passport photo requirements Mongolia"},"content":{"rendered":"<h2 style=\"text-align: justify;\">Passport photo requirements for Mongolia<\/h2>\n<p style=\"text-align: justify;\">The passport photo requirements for Mongolia are that you must submit two official passport photos in color. This applies to both a business and a tourist visa.<\/p>\n<h3 style=\"text-align: justify;\">Costs passport photo Mongolia:<\/h3>\n<p><span data-contrast=\"auto\">We are able to create a Mongolian passport photo for as low as \u20ac 15,-. With it, you will receive six photos. These will be cut and neatly packaged in a small suitcase for you.<\/span><span data-ccp-props=\"{&quot;134233117&quot;:false,&quot;134233118&quot;:false,&quot;335551550&quot;:0,&quot;335551620&quot;:0,&quot;335559738&quot;:240,&quot;335559739&quot;:240}\">\u00a0<\/span><\/p>\n<p><span data-contrast=\"auto\">In case you also need a digital variant of the photo alongside your prints, it will cost an additional \u20ac2,50.<\/span><span data-ccp-props=\"{&quot;134233117&quot;:false,&quot;134233118&quot;:false,&quot;335551550&quot;:0,&quot;335551620&quot;:0,&quot;335559738&quot;:240,&quot;335559739&quot;:240}\"> This variant will be sent to your email address.<\/span><\/p>\n<p><span data-contrast=\"auto\">You can <\/span><a href=\"https:\/\/www.pasfotomaken-amsterdam.nl\/contact-en-adres\/#openingstijden\"><span data-contrast=\"none\">simply walk in without an appointment<\/span><\/a><span data-contrast=\"auto\"> at our studio over on <\/span><a href=\"https:\/\/www.google.nl\/maps\/dir\/\/ASA+Foto+%26+Film+%7C+Fotograaf+Tessa+Witvoet,+Hugo+de+Grootplein+17,+1052+KV+Amsterdam\/@52.3746136,4.8021467,12z\"><span data-contrast=\"none\">Hugo de Grootplein 17 in Amsterdam.<\/span><\/a><span data-contrast=\"auto\"> \u00a0The passport photos will be made for you immediately. <\/span><span data-ccp-props=\"{&quot;134233117&quot;:false,&quot;134233118&quot;:false,&quot;335551550&quot;:0,&quot;335551620&quot;:0,&quot;335559738&quot;:240,&quot;335559739&quot;:240}\">\u00a0<\/span><\/p>\n<p><span data-contrast=\"auto\">Though it is not necessary, an appointment can always be made so you can make sure that you can be helped at a specific time if you are currently unavailable.<\/span><span data-ccp-props=\"{&quot;134233117&quot;:false,&quot;134233118&quot;:false,&quot;335551550&quot;:0,&quot;335551620&quot;:0,&quot;335559738&quot;:240,&quot;335559739&quot;:240}\">\u00a0<\/span><\/p>\n<h3 style=\"text-align: justify;\">Requirements passport photo Mongolia:<\/h3>\n<table style=\"width: 100%;\">\n<tbody>\n<tr>\n<td style=\"width: 75.8333%;\">\n<ul>\n<li style=\"text-align: left;\">Bear a good resemblance<\/li>\n<li style=\"text-align: left;\">Shot straight from the front<\/li>\n<li style=\"text-align: left;\">Only have a white (smooth) background<\/li>\n<li style=\"text-align: left;\">Be 35 mm by 45 mm<\/li>\n<li style=\"text-align: left;\">Neutral expression<\/li>\n<li style=\"text-align: left;\">Eyebrows, eyes and ears completely visible<\/li>\n<\/ul>\n<\/td>\n<td style=\"width: 23.3743%;\"><img loading=\"lazy\" decoding=\"async\" src=\"\/wp-content\/uploads\/2020\/08\/Pasfoto-eisen-Albanie-vlag-ASA-FOTO-Amsterdam.png\" alt=\"Passport photo requirements Albania flag ASA PHOTO Amsterdam\" width=\"180\" height=\"118\" \/><\/td>\n<\/tr>\n<\/tbody>\n<\/table>\n<h2 style=\"text-align: justify;\">Adjustment in requirements:<\/h2>\n<p style=\"text-align: justify;\">We are aware of the latest developments in the rules and requirements that a country imposes on the passport photo. It is possible that a country decides to adjust the requirements for taking a passport photo. Therefore, always take the form that you receive from your consulate with you when you have the passport photo taken. In general, the consulate is the first to receive the new rules. We will then check for you whether the requirements correspond so that you are always up to date.<\/p>\n<p style=\"text-align: justify;\"><a href=\"\/en\/contact\">Opening hours and directions? Click here.<\/a><\/p>\n","protected":false},"excerpt":{"rendered":"<p class=\"qua-blog-post-description\">Passport photo requirements for Mongolia The passport photo requirements for Mongolia are that you must submit two official passport photos in color. This applies to both a business and a tourist visa. Costs passport photo Mongolia: We are able to create a Mongolian passport photo for as low as \u20ac 15,-. With it, you will [&hellip;]<\/p>\n","protected":false},"author":3507,"featured_media":0,"parent":0,"menu_order":0,"comment_status":"closed","ping_status":"closed","template":"","meta":{"footnotes":""},"translation":{"provider":"WPGlobus","version":"2.12.2","language":"en","enabled_languages":["nl","en"],"languages":{"nl":{"title":true,"content":true,"excerpt":false},"en":{"title":true,"content":true,"excerpt":false}}},"yoast_head":"<!-- This site is optimized with the Yoast SEO plugin v22.9 - https:\/\/yoast.com\/wordpress\/plugins\/seo\/ -->\n<title>Passport photo requirements Mongolia - Pasfoto maken Amsterdam<\/title>\n<meta name=\"description\" content=\"Passport photo requirements Mongolia: Do you need a passport or visa? Take an official photo at ASA Foto &amp; Film, Hugo de Grootplein 17 in Amsterdam.\" \/>\n<meta name=\"robots\" content=\"index, follow, max-snippet:-1, max-image-preview:large, max-video-preview:-1\" \/>\n<link rel=\"canonical\" href=\"https:\/\/www.pasfotomaken-amsterdam.nl\/pasfoto-eisen-mongolie\/\" \/>\n<meta property=\"og:locale\" content=\"en_US\" \/>\n<meta property=\"og:type\" content=\"article\" \/>\n<meta property=\"og:title\" content=\"Passport photo requirements Mongolia - Pasfoto maken Amsterdam\" \/>\n<meta property=\"og:description\" content=\"Passport photo requirements Mongolia: Do you need a passport or visa? Take an official photo at ASA Foto &amp; Film, Hugo de Grootplein 17 in Amsterdam.\" \/>\n<meta property=\"og:url\" content=\"https:\/\/www.pasfotomaken-amsterdam.nl\/pasfoto-eisen-mongolie\/\" \/>\n<meta property=\"og:site_name\" content=\"Pasfoto maken Amsterdam\" \/>\n<meta property=\"article:publisher\" content=\"https:\/\/www.facebook.com\/asafoto\" \/>\n<meta property=\"article:modified_time\" content=\"2026-01-30T14:32:09+00:00\" \/>\n<meta name=\"twitter:card\" content=\"summary_large_image\" \/>\n<meta name=\"twitter:label1\" content=\"Est. reading time\" \/>\n\t<meta name=\"twitter:data1\" content=\"2 minutes\" \/>\n<script type=\"application\/ld+json\" class=\"yoast-schema-graph\">{\"@context\":\"https:\/\/schema.org\",\"@graph\":[{\"@type\":\"WebPage\",\"@id\":\"https:\/\/www.pasfotomaken-amsterdam.nl\/pasfoto-eisen-mongolie\/\",\"url\":\"https:\/\/www.pasfotomaken-amsterdam.nl\/pasfoto-eisen-mongolie\/\",\"name\":\"Passport photo requirements Mongolia - Pasfoto maken Amsterdam\",\"isPartOf\":{\"@id\":\"https:\/\/www.pasfotomaken-amsterdam.nl\/#website\"},\"datePublished\":\"2026-01-26T11:42:00+00:00\",\"dateModified\":\"2026-01-30T14:32:09+00:00\",\"description\":\"Pasfoto eisen Mongoli\u00eb: Een visum voor Mongoli\u00eb nodig? Laat uw offici\u00eble foto maken bij ASA Foto & Film op het Hugo de Grootplein 17 in Amsterdam.\",\"breadcrumb\":{\"@id\":\"https:\/\/www.pasfotomaken-amsterdam.nl\/pasfoto-eisen-mongolie\/#breadcrumb\"},\"inLanguage\":\"en-US\",\"potentialAction\":[{\"@type\":\"ReadAction\",\"target\":[\"https:\/\/www.pasfotomaken-amsterdam.nl\/pasfoto-eisen-mongolie\/\"]}]},{\"@type\":\"BreadcrumbList\",\"@id\":\"https:\/\/www.pasfotomaken-amsterdam.nl\/pasfoto-eisen-mongolie\/#breadcrumb\",\"itemListElement\":[{\"@type\":\"ListItem\",\"position\":1,\"name\":\"Home\",\"item\":\"https:\/\/www.pasfotomaken-amsterdam.nl\/\"},{\"@type\":\"ListItem\",\"position\":2,\"name\":\"Pasfoto eisen Mongoli\u00eb\"}]},{\"@type\":\"WebSite\",\"@id\":\"https:\/\/www.pasfotomaken-amsterdam.nl\/#website\",\"url\":\"https:\/\/www.pasfotomaken-amsterdam.nl\/\",\"name\":\"Pasfoto maken Amsterdam\",\"description\":\"Pasfoto maken bij ASA Foto &amp; Film; Fotostudio Amsterdam - Fotograaf Tessa Witvoet\",\"publisher\":{\"@id\":\"https:\/\/www.pasfotomaken-amsterdam.nl\/#organization\"},\"potentialAction\":[{\"@type\":\"SearchAction\",\"target\":{\"@type\":\"EntryPoint\",\"urlTemplate\":\"https:\/\/www.pasfotomaken-amsterdam.nl\/?s={search_term_string}\"},\"query-input\":\"required name=search_term_string\"}],\"inLanguage\":\"en-US\"},{\"@type\":\"Organization\",\"@id\":\"https:\/\/www.pasfotomaken-amsterdam.nl\/#organization\",\"name\":\"ASA Foto & Film\",\"url\":\"https:\/\/www.pasfotomaken-amsterdam.nl\/\",\"logo\":{\"@type\":\"ImageObject\",\"inLanguage\":\"en-US\",\"@id\":\"https:\/\/www.pasfotomaken-amsterdam.nl\/#\/schema\/logo\/image\/\",\"url\":\"https:\/\/www.pasfotomaken-amsterdam.nl\/wp-content\/uploads\/2016\/04\/pasfoto-maken-amsterdam-asa-foto-specialist-logo.jpg\",\"contentUrl\":\"https:\/\/www.pasfotomaken-amsterdam.nl\/wp-content\/uploads\/2016\/04\/pasfoto-maken-amsterdam-asa-foto-specialist-logo.jpg\",\"width\":200,\"height\":80,\"caption\":\"ASA Foto & Film\"},\"image\":{\"@id\":\"https:\/\/www.pasfotomaken-amsterdam.nl\/#\/schema\/logo\/image\/\"},\"sameAs\":[\"https:\/\/www.facebook.com\/asafoto\"]}]}<\/script>\n<!-- \/ Yoast SEO plugin. -->","yoast_head_json":{"title":"Passport photo requirements Mongolia - Pasfoto maken Amsterdam","description":"Passport photo requirements Mongolia: Do you need a passport or visa? Take an official photo at ASA Foto & Film, Hugo de Grootplein 17 in Amsterdam.","robots":{"index":"index","follow":"follow","max-snippet":"max-snippet:-1","max-image-preview":"max-image-preview:large","max-video-preview":"max-video-preview:-1"},"canonical":"https:\/\/www.pasfotomaken-amsterdam.nl\/pasfoto-eisen-mongolie\/","og_locale":"en_US","og_type":"article","og_title":"Passport photo requirements Mongolia - Pasfoto maken Amsterdam","og_description":"Passport photo requirements Mongolia: Do you need a passport or visa? Take an official photo at ASA Foto & Film, Hugo de Grootplein 17 in Amsterdam.","og_url":"https:\/\/www.pasfotomaken-amsterdam.nl\/pasfoto-eisen-mongolie\/","og_site_name":"Pasfoto maken Amsterdam","article_publisher":"https:\/\/www.facebook.com\/asafoto","article_modified_time":"2026-01-30T14:32:09+00:00","twitter_card":"summary_large_image","twitter_misc":{"Est. reading time":"2 minutes"},"schema":{"@context":"https:\/\/schema.org","@graph":[{"@type":"WebPage","@id":"https:\/\/www.pasfotomaken-amsterdam.nl\/pasfoto-eisen-mongolie\/","url":"https:\/\/www.pasfotomaken-amsterdam.nl\/pasfoto-eisen-mongolie\/","name":"Passport photo requirements Mongolia - Pasfoto maken Amsterdam","isPartOf":{"@id":"https:\/\/www.pasfotomaken-amsterdam.nl\/#website"},"datePublished":"2026-01-26T11:42:00+00:00","dateModified":"2026-01-30T14:32:09+00:00","description":"Pasfoto eisen Mongoli\u00eb: Een visum voor Mongoli\u00eb nodig? Laat uw offici\u00eble foto maken bij ASA Foto & Film op het Hugo de Grootplein 17 in Amsterdam.","breadcrumb":{"@id":"https:\/\/www.pasfotomaken-amsterdam.nl\/pasfoto-eisen-mongolie\/#breadcrumb"},"inLanguage":"en-US","potentialAction":[{"@type":"ReadAction","target":["https:\/\/www.pasfotomaken-amsterdam.nl\/pasfoto-eisen-mongolie\/"]}]},{"@type":"BreadcrumbList","@id":"https:\/\/www.pasfotomaken-amsterdam.nl\/pasfoto-eisen-mongolie\/#breadcrumb","itemListElement":[{"@type":"ListItem","position":1,"name":"Home","item":"https:\/\/www.pasfotomaken-amsterdam.nl\/"},{"@type":"ListItem","position":2,"name":"Pasfoto eisen Mongoli\u00eb"}]},{"@type":"WebSite","@id":"https:\/\/www.pasfotomaken-amsterdam.nl\/#website","url":"https:\/\/www.pasfotomaken-amsterdam.nl\/","name":"Pasfoto maken Amsterdam","description":"Pasfoto maken bij ASA Foto &amp; Film; Fotostudio Amsterdam - Fotograaf Tessa Witvoet","publisher":{"@id":"https:\/\/www.pasfotomaken-amsterdam.nl\/#organization"},"potentialAction":[{"@type":"SearchAction","target":{"@type":"EntryPoint","urlTemplate":"https:\/\/www.pasfotomaken-amsterdam.nl\/?s={search_term_string}"},"query-input":"required name=search_term_string"}],"inLanguage":"en-US"},{"@type":"Organization","@id":"https:\/\/www.pasfotomaken-amsterdam.nl\/#organization","name":"ASA Foto & Film","url":"https:\/\/www.pasfotomaken-amsterdam.nl\/","logo":{"@type":"ImageObject","inLanguage":"en-US","@id":"https:\/\/www.pasfotomaken-amsterdam.nl\/#\/schema\/logo\/image\/","url":"https:\/\/www.pasfotomaken-amsterdam.nl\/wp-content\/uploads\/2016\/04\/pasfoto-maken-amsterdam-asa-foto-specialist-logo.jpg","contentUrl":"https:\/\/www.pasfotomaken-amsterdam.nl\/wp-content\/uploads\/2016\/04\/pasfoto-maken-amsterdam-asa-foto-specialist-logo.jpg","width":200,"height":80,"caption":"ASA Foto & Film"},"image":{"@id":"https:\/\/www.pasfotomaken-amsterdam.nl\/#\/schema\/logo\/image\/"},"sameAs":["https:\/\/www.facebook.com\/asafoto"]}]}},"_links":{"self":[{"href":"https:\/\/www.pasfotomaken-amsterdam.nl\/en\/wp-json\/wp\/v2\/pages\/1432"}],"collection":[{"href":"https:\/\/www.pasfotomaken-amsterdam.nl\/en\/wp-json\/wp\/v2\/pages"}],"about":[{"href":"https:\/\/www.pasfotomaken-amsterdam.nl\/en\/wp-json\/wp\/v2\/types\/page"}],"author":[{"embeddable":true,"href":"https:\/\/www.pasfotomaken-amsterdam.nl\/en\/wp-json\/wp\/v2\/users\/3507"}],"replies":[{"embeddable":true,"href":"https:\/\/www.pasfotomaken-amsterdam.nl\/en\/wp-json\/wp\/v2\/comments?post=1432"}],"version-history":[{"count":15,"href":"https:\/\/www.pasfotomaken-amsterdam.nl\/en\/wp-json\/wp\/v2\/pages\/1432\/revisions"}],"predecessor-version":[{"id":8176,"href":"https:\/\/www.pasfotomaken-amsterdam.nl\/en\/wp-json\/wp\/v2\/pages\/1432\/revisions\/8176"}],"wp:attachment":[{"href":"https:\/\/www.pasfotomaken-amsterdam.nl\/en\/wp-json\/wp\/v2\/media?parent=1432"}],"curies":[{"name":"wp","href":"https:\/\/api.w.org\/{rel}","templated":true}]}}