{"id":1449,"date":"2026-01-26T14:42:55","date_gmt":"2026-01-26T13:42:55","guid":{"rendered":"https:\/\/www.pasfotomaken-amsterdam.nl\/?page_id=1449"},"modified":"2026-01-30T15:42:17","modified_gmt":"2026-01-30T14:42:17","slug":"pasfoto-eisen-roemenie","status":"publish","type":"page","link":"https:\/\/www.pasfotomaken-amsterdam.nl\/en\/pasfoto-eisen-roemenie\/","title":{"rendered":"Passport photo requirements Romania"},"content":{"rendered":"\n<h2>Passport photo requirements Romania<\/h2>\n<p>The passport photo requirements for Romania are that you must submit an official passport photo in colour.<\/p>\n<h3>Romania passport photo costs<\/h3>\n<p><span data-contrast=\"auto\">We are able to create a Romanian passport photo for as low as \u20ac 15,-. With it, you will receive 6 photos. These will be cut and neatly packaged in a small suitcase for you. <\/span><span data-ccp-props=\"{&quot;134233117&quot;:false,&quot;134233118&quot;:false,&quot;335551550&quot;:0,&quot;335551620&quot;:0,&quot;335559738&quot;:240,&quot;335559739&quot;:240}\">\u00a0<\/span><\/p>\n<p><span data-contrast=\"auto\">In case you also need a digital variant of the photo alongside your prints, it will cost an additional \u20ac2,50. This variant will be sent to your email address.<\/span><span data-ccp-props=\"{&quot;134233117&quot;:false,&quot;134233118&quot;:false,&quot;335551550&quot;:0,&quot;335551620&quot;:0,&quot;335559738&quot;:240,&quot;335559739&quot;:240}\">\u00a0<\/span><\/p>\n<p><span data-contrast=\"auto\">You can <\/span><a href=\"https:\/\/www.pasfotomaken-amsterdam.nl\/contact-en-adres\/#openingstijden\"><span data-contrast=\"none\">simply walk in without an appointment<\/span><\/a><span data-contrast=\"auto\"> at our studio over on <\/span><a href=\"https:\/\/www.google.nl\/maps\/dir\/\/ASA+Foto+%26+Film+%7C+Fotograaf+Tessa+Witvoet,+Hugo+de+Grootplein+17,+1052+KV+Amsterdam\/@52.3746136,4.8021467,12z\"><span data-contrast=\"none\">Hugo de Grootplein 17 in Amsterdam.<\/span><\/a><span data-contrast=\"auto\"> \u00a0The passport photos will be made for you immediately. \u00a0<\/span><span data-ccp-props=\"{&quot;134233117&quot;:false,&quot;134233118&quot;:false,&quot;335551550&quot;:0,&quot;335551620&quot;:0,&quot;335559738&quot;:240,&quot;335559739&quot;:240}\">\u00a0<\/span><\/p>\n<p><span data-contrast=\"auto\">Though it is not necessary, an appointment can always be made so you can make sure that you can be helped at a specific time if you are currently unavailable.<\/span><span data-ccp-props=\"{&quot;134233117&quot;:false,&quot;134233118&quot;:false,&quot;335551550&quot;:0,&quot;335551620&quot;:0,&quot;335559738&quot;:240,&quot;335559739&quot;:240}\">\u00a0<\/span><\/p>\n<h2>These photos must:<\/h2>\n<table>\n<tbody>\n<tr>\n<td>\n<ul>\n<li style=\"text-align: left;\">Bear a good resemblance and be taken recently<\/li>\n<li style=\"text-align: left;\">Background should only be light and even in hue<\/li>\n<li style=\"text-align: left;\">In case of a visa have the format of 30 mm wide x 40 mm high<\/li>\n<li style=\"text-align: left;\">For a passport have the format of 35mm wide x 45mm high<\/li>\n<li style=\"text-align: left;\">When applying for a driver&#8217;s license, the passport photo must be 35 mm wide x 38.5 mm high and it should have a white background<\/li>\n<li style=\"text-align: left;\">For a Romanian ID card, Romanian citizens must submit 5 photos of 30 x 40 mm with a white background. These photos must have a 7 mm wide white band at the bottom of each photo and are therefore 47 mm high in total.<\/li>\n<li style=\"text-align: left;\">Looking straight and neutral into the camera<\/li>\n<li style=\"text-align: left;\">No glasses<\/li>\n<li style=\"text-align: left;\">Headgear is not allowed<\/li>\n<\/ul>\n<\/td>\n<td><img loading=\"lazy\" decoding=\"async\" src=\"\/wp-content\/uploads\/2019\/06\/Pasfoto-eisen-Roemenie-vlag-ASA-FOTO-Amsterdam-300x200.png\" alt=\"Pasfoto eisen Roemenie vlag ASA FOTO Amsterdam\" width=\"300\" height=\"200\" \/><\/td>\n<\/tr>\n<\/tbody>\n<\/table>\n<h2>Adjustment in requirements:<\/h2>\n<p>We are aware of the latest developments in the rules and requirements that a country imposes on the passport photo. It is possible that a country decides to adjust the requirements for taking a passport photo. Therefore, always take the form that you receive from your consulate with you when you have the passport photo taken. In general, the consulate is the first to receive the new rules. We will then check for you whether the requirements correspond so that you are always up to date.<\/p>\n<p><a href=\"\/en\/contact\">Opening hours and directions? Click here.<\/a><\/p>\n","protected":false},"excerpt":{"rendered":"<p class=\"qua-blog-post-description\">Passport photo requirements Romania The passport photo requirements for Romania are that you must submit an official passport photo in colour. Romania passport photo costs We are able to create a Romanian passport photo for as low as \u20ac 15,-. With it, you will receive 6 photos. These will be cut and neatly packaged in [&hellip;]<\/p>\n","protected":false},"author":3507,"featured_media":0,"parent":0,"menu_order":0,"comment_status":"closed","ping_status":"closed","template":"","meta":{"footnotes":""},"translation":{"provider":"WPGlobus","version":"2.12.2","language":"en","enabled_languages":["nl","en"],"languages":{"nl":{"title":true,"content":true,"excerpt":false},"en":{"title":true,"content":true,"excerpt":false}}},"yoast_head":"<!-- This site is optimized with the Yoast SEO plugin v22.9 - https:\/\/yoast.com\/wordpress\/plugins\/seo\/ -->\n<title>Passport photo requirements Romania - Pasfoto maken Amsterdam<\/title>\n<meta name=\"description\" content=\"Passport photo requirements Romania: Need a visa for Romania? Have your official photo taken at ASA Photo &amp; Film at Hugo de Grootplein 17 in Amsterdam.\" \/>\n<meta name=\"robots\" content=\"index, follow, max-snippet:-1, max-image-preview:large, max-video-preview:-1\" \/>\n<link rel=\"canonical\" href=\"https:\/\/www.pasfotomaken-amsterdam.nl\/pasfoto-eisen-roemenie\/\" \/>\n<meta property=\"og:locale\" content=\"en_US\" \/>\n<meta property=\"og:type\" content=\"article\" \/>\n<meta property=\"og:title\" content=\"Passport photo requirements Romania - Pasfoto maken Amsterdam\" \/>\n<meta property=\"og:description\" content=\"Passport photo requirements Romania: Need a visa for Romania? Have your official photo taken at ASA Photo &amp; Film at Hugo de Grootplein 17 in Amsterdam.\" \/>\n<meta property=\"og:url\" content=\"https:\/\/www.pasfotomaken-amsterdam.nl\/pasfoto-eisen-roemenie\/\" \/>\n<meta property=\"og:site_name\" content=\"Pasfoto maken Amsterdam\" \/>\n<meta property=\"article:publisher\" content=\"https:\/\/www.facebook.com\/asafoto\" \/>\n<meta property=\"article:modified_time\" content=\"2026-01-30T14:42:17+00:00\" \/>\n<meta name=\"twitter:card\" content=\"summary_large_image\" \/>\n<meta name=\"twitter:label1\" content=\"Est. reading time\" \/>\n\t<meta name=\"twitter:data1\" content=\"3 minutes\" \/>\n<script type=\"application\/ld+json\" class=\"yoast-schema-graph\">{\"@context\":\"https:\/\/schema.org\",\"@graph\":[{\"@type\":\"WebPage\",\"@id\":\"https:\/\/www.pasfotomaken-amsterdam.nl\/pasfoto-eisen-roemenie\/\",\"url\":\"https:\/\/www.pasfotomaken-amsterdam.nl\/pasfoto-eisen-roemenie\/\",\"name\":\"Passport photo requirements Romania - Pasfoto maken Amsterdam\",\"isPartOf\":{\"@id\":\"https:\/\/www.pasfotomaken-amsterdam.nl\/#website\"},\"datePublished\":\"2026-01-26T13:42:55+00:00\",\"dateModified\":\"2026-01-30T14:42:17+00:00\",\"description\":\"Pasfoto eisen Roemeni\u00eb: Een visum voor Roemeni\u00eb nodig? Laat uw offici\u00eble foto maken bij ASA Foto & Film op het Hugo de Grootplein 17 in Amsterdam.\",\"breadcrumb\":{\"@id\":\"https:\/\/www.pasfotomaken-amsterdam.nl\/pasfoto-eisen-roemenie\/#breadcrumb\"},\"inLanguage\":\"en-US\",\"potentialAction\":[{\"@type\":\"ReadAction\",\"target\":[\"https:\/\/www.pasfotomaken-amsterdam.nl\/pasfoto-eisen-roemenie\/\"]}]},{\"@type\":\"BreadcrumbList\",\"@id\":\"https:\/\/www.pasfotomaken-amsterdam.nl\/pasfoto-eisen-roemenie\/#breadcrumb\",\"itemListElement\":[{\"@type\":\"ListItem\",\"position\":1,\"name\":\"Home\",\"item\":\"https:\/\/www.pasfotomaken-amsterdam.nl\/\"},{\"@type\":\"ListItem\",\"position\":2,\"name\":\"Pasfoto eisen Roemeni\u00eb\"}]},{\"@type\":\"WebSite\",\"@id\":\"https:\/\/www.pasfotomaken-amsterdam.nl\/#website\",\"url\":\"https:\/\/www.pasfotomaken-amsterdam.nl\/\",\"name\":\"Pasfoto maken Amsterdam\",\"description\":\"Pasfoto maken bij ASA Foto &amp; Film; Fotostudio Amsterdam - Fotograaf Tessa Witvoet\",\"publisher\":{\"@id\":\"https:\/\/www.pasfotomaken-amsterdam.nl\/#organization\"},\"potentialAction\":[{\"@type\":\"SearchAction\",\"target\":{\"@type\":\"EntryPoint\",\"urlTemplate\":\"https:\/\/www.pasfotomaken-amsterdam.nl\/?s={search_term_string}\"},\"query-input\":\"required name=search_term_string\"}],\"inLanguage\":\"en-US\"},{\"@type\":\"Organization\",\"@id\":\"https:\/\/www.pasfotomaken-amsterdam.nl\/#organization\",\"name\":\"ASA Foto & Film\",\"url\":\"https:\/\/www.pasfotomaken-amsterdam.nl\/\",\"logo\":{\"@type\":\"ImageObject\",\"inLanguage\":\"en-US\",\"@id\":\"https:\/\/www.pasfotomaken-amsterdam.nl\/#\/schema\/logo\/image\/\",\"url\":\"https:\/\/www.pasfotomaken-amsterdam.nl\/wp-content\/uploads\/2016\/04\/pasfoto-maken-amsterdam-asa-foto-specialist-logo.jpg\",\"contentUrl\":\"https:\/\/www.pasfotomaken-amsterdam.nl\/wp-content\/uploads\/2016\/04\/pasfoto-maken-amsterdam-asa-foto-specialist-logo.jpg\",\"width\":200,\"height\":80,\"caption\":\"ASA Foto & Film\"},\"image\":{\"@id\":\"https:\/\/www.pasfotomaken-amsterdam.nl\/#\/schema\/logo\/image\/\"},\"sameAs\":[\"https:\/\/www.facebook.com\/asafoto\"]}]}<\/script>\n<!-- \/ Yoast SEO plugin. -->","yoast_head_json":{"title":"Passport photo requirements Romania - Pasfoto maken Amsterdam","description":"Passport photo requirements Romania: Need a visa for Romania? Have your official photo taken at ASA Photo & Film at Hugo de Grootplein 17 in Amsterdam.","robots":{"index":"index","follow":"follow","max-snippet":"max-snippet:-1","max-image-preview":"max-image-preview:large","max-video-preview":"max-video-preview:-1"},"canonical":"https:\/\/www.pasfotomaken-amsterdam.nl\/pasfoto-eisen-roemenie\/","og_locale":"en_US","og_type":"article","og_title":"Passport photo requirements Romania - Pasfoto maken Amsterdam","og_description":"Passport photo requirements Romania: Need a visa for Romania? Have your official photo taken at ASA Photo & Film at Hugo de Grootplein 17 in Amsterdam.","og_url":"https:\/\/www.pasfotomaken-amsterdam.nl\/pasfoto-eisen-roemenie\/","og_site_name":"Pasfoto maken Amsterdam","article_publisher":"https:\/\/www.facebook.com\/asafoto","article_modified_time":"2026-01-30T14:42:17+00:00","twitter_card":"summary_large_image","twitter_misc":{"Est. reading time":"3 minutes"},"schema":{"@context":"https:\/\/schema.org","@graph":[{"@type":"WebPage","@id":"https:\/\/www.pasfotomaken-amsterdam.nl\/pasfoto-eisen-roemenie\/","url":"https:\/\/www.pasfotomaken-amsterdam.nl\/pasfoto-eisen-roemenie\/","name":"Passport photo requirements Romania - Pasfoto maken Amsterdam","isPartOf":{"@id":"https:\/\/www.pasfotomaken-amsterdam.nl\/#website"},"datePublished":"2026-01-26T13:42:55+00:00","dateModified":"2026-01-30T14:42:17+00:00","description":"Pasfoto eisen Roemeni\u00eb: Een visum voor Roemeni\u00eb nodig? Laat uw offici\u00eble foto maken bij ASA Foto & Film op het Hugo de Grootplein 17 in Amsterdam.","breadcrumb":{"@id":"https:\/\/www.pasfotomaken-amsterdam.nl\/pasfoto-eisen-roemenie\/#breadcrumb"},"inLanguage":"en-US","potentialAction":[{"@type":"ReadAction","target":["https:\/\/www.pasfotomaken-amsterdam.nl\/pasfoto-eisen-roemenie\/"]}]},{"@type":"BreadcrumbList","@id":"https:\/\/www.pasfotomaken-amsterdam.nl\/pasfoto-eisen-roemenie\/#breadcrumb","itemListElement":[{"@type":"ListItem","position":1,"name":"Home","item":"https:\/\/www.pasfotomaken-amsterdam.nl\/"},{"@type":"ListItem","position":2,"name":"Pasfoto eisen Roemeni\u00eb"}]},{"@type":"WebSite","@id":"https:\/\/www.pasfotomaken-amsterdam.nl\/#website","url":"https:\/\/www.pasfotomaken-amsterdam.nl\/","name":"Pasfoto maken Amsterdam","description":"Pasfoto maken bij ASA Foto &amp; Film; Fotostudio Amsterdam - Fotograaf Tessa Witvoet","publisher":{"@id":"https:\/\/www.pasfotomaken-amsterdam.nl\/#organization"},"potentialAction":[{"@type":"SearchAction","target":{"@type":"EntryPoint","urlTemplate":"https:\/\/www.pasfotomaken-amsterdam.nl\/?s={search_term_string}"},"query-input":"required name=search_term_string"}],"inLanguage":"en-US"},{"@type":"Organization","@id":"https:\/\/www.pasfotomaken-amsterdam.nl\/#organization","name":"ASA Foto & Film","url":"https:\/\/www.pasfotomaken-amsterdam.nl\/","logo":{"@type":"ImageObject","inLanguage":"en-US","@id":"https:\/\/www.pasfotomaken-amsterdam.nl\/#\/schema\/logo\/image\/","url":"https:\/\/www.pasfotomaken-amsterdam.nl\/wp-content\/uploads\/2016\/04\/pasfoto-maken-amsterdam-asa-foto-specialist-logo.jpg","contentUrl":"https:\/\/www.pasfotomaken-amsterdam.nl\/wp-content\/uploads\/2016\/04\/pasfoto-maken-amsterdam-asa-foto-specialist-logo.jpg","width":200,"height":80,"caption":"ASA Foto & Film"},"image":{"@id":"https:\/\/www.pasfotomaken-amsterdam.nl\/#\/schema\/logo\/image\/"},"sameAs":["https:\/\/www.facebook.com\/asafoto"]}]}},"_links":{"self":[{"href":"https:\/\/www.pasfotomaken-amsterdam.nl\/en\/wp-json\/wp\/v2\/pages\/1449"}],"collection":[{"href":"https:\/\/www.pasfotomaken-amsterdam.nl\/en\/wp-json\/wp\/v2\/pages"}],"about":[{"href":"https:\/\/www.pasfotomaken-amsterdam.nl\/en\/wp-json\/wp\/v2\/types\/page"}],"author":[{"embeddable":true,"href":"https:\/\/www.pasfotomaken-amsterdam.nl\/en\/wp-json\/wp\/v2\/users\/3507"}],"replies":[{"embeddable":true,"href":"https:\/\/www.pasfotomaken-amsterdam.nl\/en\/wp-json\/wp\/v2\/comments?post=1449"}],"version-history":[{"count":8,"href":"https:\/\/www.pasfotomaken-amsterdam.nl\/en\/wp-json\/wp\/v2\/pages\/1449\/revisions"}],"predecessor-version":[{"id":8274,"href":"https:\/\/www.pasfotomaken-amsterdam.nl\/en\/wp-json\/wp\/v2\/pages\/1449\/revisions\/8274"}],"wp:attachment":[{"href":"https:\/\/www.pasfotomaken-amsterdam.nl\/en\/wp-json\/wp\/v2\/media?parent=1449"}],"curies":[{"name":"wp","href":"https:\/\/api.w.org\/{rel}","templated":true}]}}