{"id":762,"date":"2026-01-26T14:26:35","date_gmt":"2026-01-26T13:26:35","guid":{"rendered":"http:\/\/www.sredro.com\/?page_id=762"},"modified":"2026-01-30T15:42:59","modified_gmt":"2026-01-30T14:42:59","slug":"pasfoto-eisen-slovenie","status":"publish","type":"page","link":"https:\/\/www.pasfotomaken-amsterdam.nl\/en\/pasfoto-eisen-slovenie\/","title":{"rendered":"Passport photo requirements Slovenia"},"content":{"rendered":"\n<h2>Passport photo requirements Slovenia<\/h2>\n<p>The passport photo requirements for Slovenia are that you must submit an official passport photo in color. Both the passport photo and the visa photo must meet the same requirements of the Schengen countries.<\/p>\n<p>These photos have the following requirements:<\/p>\n<table>\n<tbody>\n<tr>\n<td>\n<ul>\n<li style=\"text-align: left;\">Well resembled and taken recently<\/li>\n<li style=\"text-align: left;\">Background is suggested to be light gray<\/li>\n<li style=\"text-align: left;\">Have the official format of 35mm wide x 45mm high<\/li>\n<li style=\"text-align: left;\">Size of the face between 32 and 36 mm<\/li>\n<li style=\"text-align: left;\">Be no more than 6 months old<\/li>\n<li style=\"text-align: left;\">Printed in high quality photo paper<\/li>\n<li style=\"text-align: left;\">Closeup of the head with the shoulders, the face covers 70-80% of the photo<\/li>\n<li style=\"text-align: left;\">Sharp, clear, good in contrast and without marking on the front or back<\/li>\n<li style=\"text-align: left;\">Looking straight and neutral into the camera<\/li>\n<li style=\"text-align: left;\">Natural skin tones<\/li>\n<li style=\"text-align: left;\">No shadows visible on the face or behind it<\/li>\n<li style=\"text-align: left;\">Eyes open and fully visible<\/li>\n<li style=\"text-align: left;\">No facial reflections or red eyes<\/li>\n<li style=\"text-align: left;\">Glasses may be provided with clear glasses, no reflection and no thick frame, eyes must be fully visible<\/li>\n<li style=\"text-align: left;\">Headgear is not allowed except for religious reasons.<\/li>\n<li style=\"text-align: left;\">From the bottom chin to the top of the forehead, everything should be visible, including the edges of the face<\/li>\n<\/ul>\n<\/td>\n<td><img loading=\"lazy\" decoding=\"async\" src=\"\/wp-content\/uploads\/2016\/04\/Pasfoto-eisen-Slovenie-vlag-ASA-FOTO-Amsterdam.gif\" alt=\"Pasfoto eisen Sloveni\u00eb vlag ASA FOTO Amsterdam\" width=\"180\" height=\"118\" \/><\/td>\n<\/tr>\n<\/tbody>\n<\/table>\n<h2>Adjustment in requirements:<\/h2>\n<p>We are aware of the latest developments in the rules and requirements that a country imposes on the passport photo. It is possible that a country decides to adjust the requirements for taking a passport photo. Therefore, always take the form that you receive from your consulate with you when you have the passport photo taken. In general, the consulate is the first to receive the new rules. We will then check for you whether the requirements correspond so that you are always up to date.<\/p>\n<p><a href=\"\/en\/contact\">Opening hours and directions? Click here.<\/a><\/p>\n","protected":false},"excerpt":{"rendered":"<p class=\"qua-blog-post-description\">Passport photo requirements Slovenia The passport photo requirements for Slovenia are that you must submit an official passport photo in color. Both the passport photo and the visa photo must meet the same requirements of the Schengen countries. These photos have the following requirements: Well resembled and taken recently Background is suggested to be light [&hellip;]<\/p>\n","protected":false},"author":3507,"featured_media":0,"parent":0,"menu_order":0,"comment_status":"closed","ping_status":"closed","template":"","meta":{"footnotes":""},"translation":{"provider":"WPGlobus","version":"2.12.2","language":"en","enabled_languages":["nl","en"],"languages":{"nl":{"title":true,"content":true,"excerpt":false},"en":{"title":true,"content":true,"excerpt":false}}},"yoast_head":"<!-- This site is optimized with the Yoast SEO plugin v22.9 - https:\/\/yoast.com\/wordpress\/plugins\/seo\/ -->\n<title>Passport photo requirements Slovenia - Pasfoto maken Amsterdam<\/title>\n<meta name=\"description\" content=\"Passport photo requirements Slovenia: Need a passport photo for Slovenia? Have your official photo taken at ASA Photo &amp; Film at Hugo de Grootplein 17 in Amsterdam.\" \/>\n<meta name=\"robots\" content=\"index, follow, max-snippet:-1, max-image-preview:large, max-video-preview:-1\" \/>\n<link rel=\"canonical\" href=\"https:\/\/www.pasfotomaken-amsterdam.nl\/pasfoto-eisen-slovenie\/\" \/>\n<meta property=\"og:locale\" content=\"en_US\" \/>\n<meta property=\"og:type\" content=\"article\" \/>\n<meta property=\"og:title\" content=\"Passport photo requirements Slovenia - Pasfoto maken Amsterdam\" \/>\n<meta property=\"og:description\" content=\"Passport photo requirements Slovenia: Need a passport photo for Slovenia? Have your official photo taken at ASA Photo &amp; Film at Hugo de Grootplein 17 in Amsterdam.\" \/>\n<meta property=\"og:url\" content=\"https:\/\/www.pasfotomaken-amsterdam.nl\/pasfoto-eisen-slovenie\/\" \/>\n<meta property=\"og:site_name\" content=\"Pasfoto maken Amsterdam\" \/>\n<meta property=\"article:publisher\" content=\"https:\/\/www.facebook.com\/asafoto\" \/>\n<meta property=\"article:modified_time\" content=\"2026-01-30T14:42:59+00:00\" \/>\n<meta name=\"twitter:card\" content=\"summary_large_image\" \/>\n<meta name=\"twitter:label1\" content=\"Est. reading time\" \/>\n\t<meta name=\"twitter:data1\" content=\"2 minutes\" \/>\n<script type=\"application\/ld+json\" class=\"yoast-schema-graph\">{\"@context\":\"https:\/\/schema.org\",\"@graph\":[{\"@type\":\"WebPage\",\"@id\":\"https:\/\/www.pasfotomaken-amsterdam.nl\/pasfoto-eisen-slovenie\/\",\"url\":\"https:\/\/www.pasfotomaken-amsterdam.nl\/pasfoto-eisen-slovenie\/\",\"name\":\"Passport photo requirements Slovenia - Pasfoto maken Amsterdam\",\"isPartOf\":{\"@id\":\"https:\/\/www.pasfotomaken-amsterdam.nl\/#website\"},\"datePublished\":\"2026-01-26T13:26:35+00:00\",\"dateModified\":\"2026-01-30T14:42:59+00:00\",\"description\":\"Pasfoto eisen Sloveni\u00eb: Een pasfoto voor Sloveni\u00eb nodig? Laat uw offici\u00eble foto maken bij ASA Foto & Film op het Hugo de Grootplein 17 in Amsterdam.\",\"breadcrumb\":{\"@id\":\"https:\/\/www.pasfotomaken-amsterdam.nl\/pasfoto-eisen-slovenie\/#breadcrumb\"},\"inLanguage\":\"en-US\",\"potentialAction\":[{\"@type\":\"ReadAction\",\"target\":[\"https:\/\/www.pasfotomaken-amsterdam.nl\/pasfoto-eisen-slovenie\/\"]}]},{\"@type\":\"BreadcrumbList\",\"@id\":\"https:\/\/www.pasfotomaken-amsterdam.nl\/pasfoto-eisen-slovenie\/#breadcrumb\",\"itemListElement\":[{\"@type\":\"ListItem\",\"position\":1,\"name\":\"Home\",\"item\":\"https:\/\/www.pasfotomaken-amsterdam.nl\/\"},{\"@type\":\"ListItem\",\"position\":2,\"name\":\"Pasfoto eisen Sloveni\u00eb\"}]},{\"@type\":\"WebSite\",\"@id\":\"https:\/\/www.pasfotomaken-amsterdam.nl\/#website\",\"url\":\"https:\/\/www.pasfotomaken-amsterdam.nl\/\",\"name\":\"Pasfoto maken Amsterdam\",\"description\":\"Pasfoto maken bij ASA Foto &amp; Film; Fotostudio Amsterdam - Fotograaf Tessa Witvoet\",\"publisher\":{\"@id\":\"https:\/\/www.pasfotomaken-amsterdam.nl\/#organization\"},\"potentialAction\":[{\"@type\":\"SearchAction\",\"target\":{\"@type\":\"EntryPoint\",\"urlTemplate\":\"https:\/\/www.pasfotomaken-amsterdam.nl\/?s={search_term_string}\"},\"query-input\":\"required name=search_term_string\"}],\"inLanguage\":\"en-US\"},{\"@type\":\"Organization\",\"@id\":\"https:\/\/www.pasfotomaken-amsterdam.nl\/#organization\",\"name\":\"ASA Foto & Film\",\"url\":\"https:\/\/www.pasfotomaken-amsterdam.nl\/\",\"logo\":{\"@type\":\"ImageObject\",\"inLanguage\":\"en-US\",\"@id\":\"https:\/\/www.pasfotomaken-amsterdam.nl\/#\/schema\/logo\/image\/\",\"url\":\"https:\/\/www.pasfotomaken-amsterdam.nl\/wp-content\/uploads\/2016\/04\/pasfoto-maken-amsterdam-asa-foto-specialist-logo.jpg\",\"contentUrl\":\"https:\/\/www.pasfotomaken-amsterdam.nl\/wp-content\/uploads\/2016\/04\/pasfoto-maken-amsterdam-asa-foto-specialist-logo.jpg\",\"width\":200,\"height\":80,\"caption\":\"ASA Foto & Film\"},\"image\":{\"@id\":\"https:\/\/www.pasfotomaken-amsterdam.nl\/#\/schema\/logo\/image\/\"},\"sameAs\":[\"https:\/\/www.facebook.com\/asafoto\"]}]}<\/script>\n<!-- \/ Yoast SEO plugin. -->","yoast_head_json":{"title":"Passport photo requirements Slovenia - Pasfoto maken Amsterdam","description":"Passport photo requirements Slovenia: Need a passport photo for Slovenia? Have your official photo taken at ASA Photo & Film at Hugo de Grootplein 17 in Amsterdam.","robots":{"index":"index","follow":"follow","max-snippet":"max-snippet:-1","max-image-preview":"max-image-preview:large","max-video-preview":"max-video-preview:-1"},"canonical":"https:\/\/www.pasfotomaken-amsterdam.nl\/pasfoto-eisen-slovenie\/","og_locale":"en_US","og_type":"article","og_title":"Passport photo requirements Slovenia - Pasfoto maken Amsterdam","og_description":"Passport photo requirements Slovenia: Need a passport photo for Slovenia? Have your official photo taken at ASA Photo & Film at Hugo de Grootplein 17 in Amsterdam.","og_url":"https:\/\/www.pasfotomaken-amsterdam.nl\/pasfoto-eisen-slovenie\/","og_site_name":"Pasfoto maken Amsterdam","article_publisher":"https:\/\/www.facebook.com\/asafoto","article_modified_time":"2026-01-30T14:42:59+00:00","twitter_card":"summary_large_image","twitter_misc":{"Est. reading time":"2 minutes"},"schema":{"@context":"https:\/\/schema.org","@graph":[{"@type":"WebPage","@id":"https:\/\/www.pasfotomaken-amsterdam.nl\/pasfoto-eisen-slovenie\/","url":"https:\/\/www.pasfotomaken-amsterdam.nl\/pasfoto-eisen-slovenie\/","name":"Passport photo requirements Slovenia - Pasfoto maken Amsterdam","isPartOf":{"@id":"https:\/\/www.pasfotomaken-amsterdam.nl\/#website"},"datePublished":"2026-01-26T13:26:35+00:00","dateModified":"2026-01-30T14:42:59+00:00","description":"Pasfoto eisen Sloveni\u00eb: Een pasfoto voor Sloveni\u00eb nodig? Laat uw offici\u00eble foto maken bij ASA Foto & Film op het Hugo de Grootplein 17 in Amsterdam.","breadcrumb":{"@id":"https:\/\/www.pasfotomaken-amsterdam.nl\/pasfoto-eisen-slovenie\/#breadcrumb"},"inLanguage":"en-US","potentialAction":[{"@type":"ReadAction","target":["https:\/\/www.pasfotomaken-amsterdam.nl\/pasfoto-eisen-slovenie\/"]}]},{"@type":"BreadcrumbList","@id":"https:\/\/www.pasfotomaken-amsterdam.nl\/pasfoto-eisen-slovenie\/#breadcrumb","itemListElement":[{"@type":"ListItem","position":1,"name":"Home","item":"https:\/\/www.pasfotomaken-amsterdam.nl\/"},{"@type":"ListItem","position":2,"name":"Pasfoto eisen Sloveni\u00eb"}]},{"@type":"WebSite","@id":"https:\/\/www.pasfotomaken-amsterdam.nl\/#website","url":"https:\/\/www.pasfotomaken-amsterdam.nl\/","name":"Pasfoto maken Amsterdam","description":"Pasfoto maken bij ASA Foto &amp; Film; Fotostudio Amsterdam - Fotograaf Tessa Witvoet","publisher":{"@id":"https:\/\/www.pasfotomaken-amsterdam.nl\/#organization"},"potentialAction":[{"@type":"SearchAction","target":{"@type":"EntryPoint","urlTemplate":"https:\/\/www.pasfotomaken-amsterdam.nl\/?s={search_term_string}"},"query-input":"required name=search_term_string"}],"inLanguage":"en-US"},{"@type":"Organization","@id":"https:\/\/www.pasfotomaken-amsterdam.nl\/#organization","name":"ASA Foto & Film","url":"https:\/\/www.pasfotomaken-amsterdam.nl\/","logo":{"@type":"ImageObject","inLanguage":"en-US","@id":"https:\/\/www.pasfotomaken-amsterdam.nl\/#\/schema\/logo\/image\/","url":"https:\/\/www.pasfotomaken-amsterdam.nl\/wp-content\/uploads\/2016\/04\/pasfoto-maken-amsterdam-asa-foto-specialist-logo.jpg","contentUrl":"https:\/\/www.pasfotomaken-amsterdam.nl\/wp-content\/uploads\/2016\/04\/pasfoto-maken-amsterdam-asa-foto-specialist-logo.jpg","width":200,"height":80,"caption":"ASA Foto & Film"},"image":{"@id":"https:\/\/www.pasfotomaken-amsterdam.nl\/#\/schema\/logo\/image\/"},"sameAs":["https:\/\/www.facebook.com\/asafoto"]}]}},"_links":{"self":[{"href":"https:\/\/www.pasfotomaken-amsterdam.nl\/en\/wp-json\/wp\/v2\/pages\/762"}],"collection":[{"href":"https:\/\/www.pasfotomaken-amsterdam.nl\/en\/wp-json\/wp\/v2\/pages"}],"about":[{"href":"https:\/\/www.pasfotomaken-amsterdam.nl\/en\/wp-json\/wp\/v2\/types\/page"}],"author":[{"embeddable":true,"href":"https:\/\/www.pasfotomaken-amsterdam.nl\/en\/wp-json\/wp\/v2\/users\/3507"}],"replies":[{"embeddable":true,"href":"https:\/\/www.pasfotomaken-amsterdam.nl\/en\/wp-json\/wp\/v2\/comments?post=762"}],"version-history":[{"count":12,"href":"https:\/\/www.pasfotomaken-amsterdam.nl\/en\/wp-json\/wp\/v2\/pages\/762\/revisions"}],"predecessor-version":[{"id":6302,"href":"https:\/\/www.pasfotomaken-amsterdam.nl\/en\/wp-json\/wp\/v2\/pages\/762\/revisions\/6302"}],"wp:attachment":[{"href":"https:\/\/www.pasfotomaken-amsterdam.nl\/en\/wp-json\/wp\/v2\/media?parent=762"}],"curies":[{"name":"wp","href":"https:\/\/api.w.org\/{rel}","templated":true}]}}